{"id":1494,"date":"2014-05-05T08:18:21","date_gmt":"2014-05-05T08:18:21","guid":{"rendered":"http:\/\/druciaknatalii.blog.pl\/?page_id=2"},"modified":"2024-03-08T10:46:07","modified_gmt":"2024-03-08T10:46:07","slug":"przykladowa-strona","status":"publish","type":"page","link":"https:\/\/www.druciaknatalii.pl\/?page_id=1494","title":{"rendered":"O mnie&#8230; o Druciaku&#8230;"},"content":{"rendered":"<p><span style=\"font-family: 'courier new', courier;\">Mam na imi\u0119 Natalia st\u0105d te\u017c nazwa Druciaknatalii. <\/span><\/p>\n<p><span style=\"font-family: 'courier new', courier;\">Druciaknatalii jest blogiem o moich pasjach: dzierganiu na drutach i szyde\u0142ku oraz ro\u015blinach doniczkowych. Na drutach nauczy\u0142am si\u0119 robi\u0107, bodaj\u017ce w szkole podstawowej. Tak, tak ze szko\u0142y wychodzi\u0142o si\u0119 w owych czasach z umiej\u0119tno\u015bciami gotowania, szycia oraz robienia na drutach i szyde\u0142ku \ud83d\ude42<\/span><\/p>\n<p><span style=\"font-family: 'courier new', courier;\">Ro\u015bliny towarzysz\u0105 mi od zawsze. Bez nich, przestrze\u0144 w kt\u00f3rej: mieszkam, \u017cyj\u0119, jestem by\u0142aby pusta i zimna. Lubi\u0119 zielone, po prostu.<\/span><\/p>\n<p><span style=\"font-family: 'courier new', courier;\">Zapraszam do czytania wpis\u00f3w: i tych rob\u00f3tkowych i tych ro\u015blinnych. Je\u015bli macie pytania b\u0105d\u017a co\u015b wpad\u0142o Wam w oko, dajcie zna\u0107 w komentarzach albo napiszcie bezpo\u015brednio na adres: druciaknatalii@gmail.com<\/span><\/p>\n<p><span style=\"font-family: 'courier new', courier;\">Pozdrawiam,<\/span><\/p>\n<p><span style=\"font-family: 'courier new', courier;\">Natalia<\/span><\/p>\n","protected":false},"excerpt":{"rendered":"<p>Mam na imi\u0119 Natalia st\u0105d te\u017c nazwa Druciaknatalii. Druciaknatalii jest blogiem o moich pasjach: dzierganiu na drutach i szyde\u0142ku oraz ro\u015blinach doniczkowych. Na drutach nauczy\u0142am si\u0119 robi\u0107, bodaj\u017ce w szkole podstawowej. Tak, tak ze szko\u0142y wychodzi\u0142o si\u0119 w owych czasach z umiej\u0119tno\u015bciami gotowania, szycia oraz robienia na drutach i szyde\u0142ku \ud83d\ude42 Ro\u015bliny towarzysz\u0105 mi od &hellip; <\/p>\n<p class=\"link-more\"><a href=\"https:\/\/www.druciaknatalii.pl\/?page_id=1494\" class=\"more-link\">Czytaj dalej<span class=\"screen-reader-text\"> \u201eO mnie&#8230; o Druciaku&#8230;\u201d<\/span><\/a><\/p>\n","protected":false},"author":1,"featured_media":0,"parent":0,"menu_order":0,"comment_status":"open","ping_status":"closed","template":"","meta":{"footnotes":""},"class_list":["post-1494","page","type-page","status-publish","hentry"],"_links":{"self":[{"href":"https:\/\/www.druciaknatalii.pl\/index.php?rest_route=\/wp\/v2\/pages\/1494","targetHints":{"allow":["GET"]}}],"collection":[{"href":"https:\/\/www.druciaknatalii.pl\/index.php?rest_route=\/wp\/v2\/pages"}],"about":[{"href":"https:\/\/www.druciaknatalii.pl\/index.php?rest_route=\/wp\/v2\/types\/page"}],"author":[{"embeddable":true,"href":"https:\/\/www.druciaknatalii.pl\/index.php?rest_route=\/wp\/v2\/users\/1"}],"replies":[{"embeddable":true,"href":"https:\/\/www.druciaknatalii.pl\/index.php?rest_route=%2Fwp%2Fv2%2Fcomments&post=1494"}],"version-history":[{"count":1,"href":"https:\/\/www.druciaknatalii.pl\/index.php?rest_route=\/wp\/v2\/pages\/1494\/revisions"}],"predecessor-version":[{"id":2470,"href":"https:\/\/www.druciaknatalii.pl\/index.php?rest_route=\/wp\/v2\/pages\/1494\/revisions\/2470"}],"wp:attachment":[{"href":"https:\/\/www.druciaknatalii.pl\/index.php?rest_route=%2Fwp%2Fv2%2Fmedia&parent=1494"}],"curies":[{"name":"wp","href":"https:\/\/api.w.org\/{rel}","templated":true}]}}